{"id":2647,"date":"2021-05-21T12:23:11","date_gmt":"2021-05-21T12:23:11","guid":{"rendered":"http:\/\/3.64.239.12\/?page_id=2647"},"modified":"2025-07-26T18:07:19","modified_gmt":"2025-07-26T17:07:19","slug":"impressum","status":"publish","type":"page","link":"https:\/\/www.markowohnen.at\/impressum","title":{"rendered":"Impressum"},"content":{"rendered":"\t\t<div data-elementor-type=\"wp-page\" data-elementor-id=\"2647\" class=\"elementor elementor-2647\">\n\t\t\t\t\t\t<section class=\"elementor-section elementor-top-section elementor-element elementor-element-8b8bcb2 elementor-section-boxed elementor-section-height-default elementor-section-height-default\" data-id=\"8b8bcb2\" data-element_type=\"section\">\n\t\t\t\t\t\t<div class=\"elementor-container elementor-column-gap-default\">\n\t\t\t\t\t<div class=\"elementor-column elementor-col-100 elementor-top-column elementor-element elementor-element-4d2a1d3\" data-id=\"4d2a1d3\" data-element_type=\"column\">\n\t\t\t<div class=\"elementor-widget-wrap elementor-element-populated\">\n\t\t\t\t\t\t<div class=\"elementor-element elementor-element-bbc62ef elementor-widget elementor-widget-text-editor\" data-id=\"bbc62ef\" data-element_type=\"widget\" data-widget_type=\"text-editor.default\">\n\t\t\t\t<div class=\"elementor-widget-container\">\n\t\t\t\t\t\t\t\t\t<h1>Impressum<\/h1>\n<p>Informationspflicht laut \u00a75 E-Commerce Gesetz, \u00a714 Unternehmensgesetzbuch, \u00a763 Gewerbeordnung und Offenlegungspflicht laut \u00a725 Mediengesetz.<\/p>\n<p>Marko Wohnen GmbH<br>Rinkenberg 70, <br>9150 Bleiburg, <br>\u00d6sterreich<\/p>\n<p><strong>Unternehmensgegenstand:<\/strong> Handel mit Raumaustattungsgegenst\u00e4nden, Wohn- und K\u00fcchenm\u00f6beln. Angeschlossen ist ein Planungsb\u00fcro f\u00fcr Inneneinrichtungen.<br><strong>UID-Nummer:<\/strong>&nbsp;ATU 82291823<br><strong>Firmenbuchnummer:<\/strong>&nbsp;FN 654732 t<br><strong>Firmenbuchgericht:<\/strong> Landesgericht Klagenfurt<br><strong>Firmensitz:<\/strong> 9150 Bleiburg<\/p>\n<p><strong>Tel.:<\/strong> +43 4235 2114-0<br><strong>Fax:<\/strong> +43 4235 211414<br><strong>E-Mail:<\/strong> <a href=\"mailto:office@markowohnen.at\">office@markowohnen.at<\/a><\/p>\n<p><strong>Mitglied bei:<\/strong> Wirtschaftskammer K\u00e4rnten<br><strong>Berufsrecht:<\/strong> Gewerbeordnung: www.ris.bka.gv.at<\/p>\n<p><strong>Aufsichtsbeh\u00f6rde\/Gewerbebeh\u00f6rde:<\/strong> Bezirkshauptmannschaft V\u00f6lkermarkt<br><strong>Verleihungsstaat:<\/strong> \u00d6sterreich<\/p>\n<p><strong>Gesch\u00e4ftsf\u00fchrer<\/strong><br>G\u00fcnther Marko<\/p>\n<p><strong>Beteiligungsverh\u00e4ltnisse<\/strong><br>Gesellschafter G\u00fcnther Marko 199%<\/p>\n<p><strong>Kontaktdaten des Verantwortlichen f\u00fcr Datenschutz<\/strong><br>Sollten Sie Fragen zum Datenschutz haben, finden Sie nachfolgend die Kontaktdaten der verantwortlichen Person bzw. Stelle:<br>Rinkenberg 70<br>9150 Bleiburg, K\u00e4rnten, \u00d6sterreich<br>Vertretungsberechtigt: G\u00fcnther Marko<br>E-Mail-Adresse: <a href=\"office@markowohnen.at\">office@markowohnen.at<\/a><br>Telefon: +43 4235 2114-0<br>Impressum: <a href=\"https:\/\/www.markowohnen.at\/impressum\" target=\"_self\" rel=\"noopener\">https:\/\/www.markowohnen.at\/impressum<\/a><\/p>\n<h2><strong><span style=\"color: var( --e-global-color-text ); font-family: var( --e-global-typography-text-font-family ), Sans-serif;\">EU-Streitschlichtung<\/span><\/strong><\/h2>\n<p>Gem\u00e4\u00df Verordnung \u00fcber Online-Streitbeilegung in Verbraucherangelegenheiten (ODR-Verordnung) m\u00f6chten wir Sie \u00fcber die Online-Streitbeilegungsplattform (OS-Plattform) informieren.<br>Verbraucher haben die M\u00f6glichkeit, Beschwerden an die Online Streitbeilegungsplattform der Europ\u00e4ischen Kommission unter <a href=\"https:\/\/ec.europa.eu\/consumers\/odr\/main\/index.cfm?event=main.home2.show&amp;lng=DE\" target=\"_blank\" rel=\"noopener\">http:\/\/ec.europa.eu\/odr?tid=121772108<\/a> zu richten. Die daf\u00fcr notwendigen Kontaktdaten finden Sie oberhalb in unserem Impressum.<\/p>\n<p>Wir m\u00f6chten Sie jedoch darauf hinweisen, dass wir nicht bereit oder verpflichtet sind, an Streitbeilegungsverfahren vor einer Verbraucherschlichtungsstelle teilzunehmen.<\/p>\n<h2 data-fontsize=\"24\" data-lineheight=\"36px\">Haftung f\u00fcr Inhalte dieser Website<\/h2>\n<p>Wir entwickeln die Inhalte dieser Webseite st\u00e4ndig weiter und bem\u00fchen uns korrekte und aktuelle Informationen bereitzustellen. &nbsp;Leider k\u00f6nnen wir keine Haftung f\u00fcr die Korrektheit aller Inhalte auf dieser Website \u00fcbernehmen, speziell f\u00fcr jene, die seitens Dritter bereitgestellt wurden. Als Diensteanbieter sind wir nicht verpflichtet, die von ihnen \u00fcbermittelten oder gespeicherten Informationen zu \u00fcberwachen oder nach Umst\u00e4nden zu forschen, die auf eine rechtswidrige T\u00e4tigkeit hinweisen.<\/p>\n<p>Unsere Verpflichtungen zur Entfernung von Informationen oder zur Sperrung der Nutzung von Informationen nach den allgemeinen Gesetzen aufgrund von gerichtlichen oder beh\u00f6rdlichen Anordnungen bleiben auch im Falle unserer Nichtverantwortlichkeit davon unber\u00fchrt.<\/p>\n<p>Sollten Ihnen problematische oder rechtswidrige Inhalte auffallen, bitte wir Sie uns umgehend zu kontaktieren, damit wir die rechtswidrigen Inhalte entfernen k\u00f6nnen. Sie finden die Kontaktdaten im Impressum.<\/p>\n<h2 data-fontsize=\"24\" data-lineheight=\"36px\">Haftung f\u00fcr Links auf dieser Webseite<\/h2>\n<p>Unsere Webseite enth\u00e4lt Links zu anderen Webseiten f\u00fcr deren Inhalt wir nicht verantwortlich sind. Haftung f\u00fcr verlinkte Websites besteht f\u00fcr uns nicht, da wir keine Kenntnis rechtswidriger T\u00e4tigkeiten hatten und haben, uns solche Rechtswidrigkeiten auch bisher nicht aufgefallen sind und wir Links sofort entfernen w\u00fcrden, wenn uns Rechtswidrigkeiten bekannt werden.<\/p>\n<p>Wenn Ihnen rechtswidrige Links auf unserer Website auffallen, bitte wir Sie uns zu kontaktieren. Sie finden die Kontaktdaten im Impressum.<\/p>\n<h2 data-fontsize=\"24\" data-lineheight=\"36px\">Urheberrechtshinweis<\/h2>\n<p>Alle Inhalte dieser Webseite (Bilder, Fotos, Texte, Videos) unterliegen dem Urheberrecht. Bitte fragen Sie uns bevor Sie die Inhalte dieser Website verbreiten, vervielf\u00e4ltigen oder verwerten wie zum Beispiel auf anderen Websites erneut ver\u00f6ffentlichen. Falls notwendig, werden wir die unerlaubte Nutzung von Teilen der Inhalte unserer Seite rechtlich verfolgen.<\/p>\n<p>Sollten Sie auf dieser Webseite Inhalte finden, die das Urheberrecht verletzen, bitten wir Sie uns zu kontaktieren.<\/p>\n<h2 data-fontsize=\"24\" data-lineheight=\"36px\">Bildernachweis<\/h2>\n<p>Die Bilder, Fotos und Grafiken auf dieser Webseite sind urheberrechtlich gesch\u00fctzt.<\/p>\n<p>Die Bilderrechte liegen bei den folgenden Fotografen und Unternehmen:<\/p>\n<ul>\n<li>Marko Wohnen GmbH<\/li>\n<\/ul>\t\t\t\t\t\t\t\t<\/div>\n\t\t\t\t<\/div>\n\t\t\t\t\t<\/div>\n\t\t<\/div>\n\t\t\t\t\t<\/div>\n\t\t<\/section>\n\t\t\t\t<\/div>\n\t\t","protected":false},"excerpt":{"rendered":"<p>Impressum Informationspflicht laut \u00a75 E-Commerce Gesetz, \u00a714 Unternehmensgesetzbuch, \u00a763 Gewerbeordnung und Offenlegungspflicht laut \u00a725 Mediengesetz. Marko Wohnen GmbHRinkenberg 70, 9150 Bleiburg, \u00d6sterreich Unternehmensgegenstand: Handel mit Raumaustattungsgegenst\u00e4nden, Wohn- und K\u00fcchenm\u00f6beln. Angeschlossen ist ein Planungsb\u00fcro f\u00fcr Inneneinrichtungen.UID-Nummer:&nbsp;ATU 82291823Firmenbuchnummer:&nbsp;FN 654732 tFirmenbuchgericht: Landesgericht KlagenfurtFirmensitz: 9150 Bleiburg Tel.: +43 4235 2114-0Fax: +43 4235 211414E-Mail: office@markowohnen.at Mitglied bei: Wirtschaftskammer K\u00e4rntenBerufsrecht: Gewerbeordnung: [&hellip;]<\/p>\n","protected":false},"author":2,"featured_media":0,"parent":0,"menu_order":10,"comment_status":"closed","ping_status":"closed","template":"elementor_header_footer","meta":{"footnotes":""},"class_list":["post-2647","page","type-page","status-publish","hentry"],"yoast_head":"<!-- This site is optimized with the Yoast SEO plugin v27.4 - https:\/\/yoast.com\/product\/yoast-seo-wordpress\/ -->\n<title>Impressum - MarkoWohnen<\/title>\n<meta name=\"robots\" content=\"index, follow, max-snippet:-1, max-image-preview:large, max-video-preview:-1\" \/>\n<link rel=\"canonical\" href=\"https:\/\/www.markowohnen.at\/impressum\" \/>\n<meta property=\"og:locale\" content=\"de_DE\" \/>\n<meta property=\"og:type\" content=\"article\" \/>\n<meta property=\"og:title\" content=\"Impressum - MarkoWohnen\" \/>\n<meta property=\"og:description\" content=\"Impressum Informationspflicht laut \u00a75 E-Commerce Gesetz, \u00a714 Unternehmensgesetzbuch, \u00a763 Gewerbeordnung und Offenlegungspflicht laut \u00a725 Mediengesetz. Marko Wohnen GmbHRinkenberg 70, 9150 Bleiburg, \u00d6sterreich Unternehmensgegenstand: Handel mit Raumaustattungsgegenst\u00e4nden, Wohn- und K\u00fcchenm\u00f6beln. Angeschlossen ist ein Planungsb\u00fcro f\u00fcr Inneneinrichtungen.UID-Nummer:&nbsp;ATU 82291823Firmenbuchnummer:&nbsp;FN 654732 tFirmenbuchgericht: Landesgericht KlagenfurtFirmensitz: 9150 Bleiburg Tel.: +43 4235 2114-0Fax: +43 4235 211414E-Mail: office@markowohnen.at Mitglied bei: Wirtschaftskammer K\u00e4rntenBerufsrecht: Gewerbeordnung: [&hellip;]\" \/>\n<meta property=\"og:url\" content=\"https:\/\/www.markowohnen.at\/impressum\" \/>\n<meta property=\"og:site_name\" content=\"MarkoWohnen\" \/>\n<meta property=\"article:publisher\" content=\"https:\/\/www.facebook.com\/MarkoWohnen\" \/>\n<meta property=\"article:modified_time\" content=\"2025-07-26T17:07:19+00:00\" \/>\n<meta name=\"twitter:card\" content=\"summary_large_image\" \/>\n<meta name=\"twitter:label1\" content=\"Gesch\u00e4tzte Lesezeit\" \/>\n\t<meta name=\"twitter:data1\" content=\"3 Minuten\" \/>\n<script type=\"application\/ld+json\" class=\"yoast-schema-graph\">{\"@context\":\"https:\\\/\\\/schema.org\",\"@graph\":[{\"@type\":\"WebPage\",\"@id\":\"https:\\\/\\\/www.markowohnen.at\\\/impressum\",\"url\":\"https:\\\/\\\/www.markowohnen.at\\\/impressum\",\"name\":\"Impressum - MarkoWohnen\",\"isPartOf\":{\"@id\":\"https:\\\/\\\/www.markowohnen.at\\\/#website\"},\"datePublished\":\"2021-05-21T12:23:11+00:00\",\"dateModified\":\"2025-07-26T17:07:19+00:00\",\"breadcrumb\":{\"@id\":\"https:\\\/\\\/www.markowohnen.at\\\/impressum#breadcrumb\"},\"inLanguage\":\"de-AT\",\"potentialAction\":[{\"@type\":\"ReadAction\",\"target\":[\"https:\\\/\\\/www.markowohnen.at\\\/impressum\"]}]},{\"@type\":\"BreadcrumbList\",\"@id\":\"https:\\\/\\\/www.markowohnen.at\\\/impressum#breadcrumb\",\"itemListElement\":[{\"@type\":\"ListItem\",\"position\":1,\"name\":\"Home\",\"item\":\"https:\\\/\\\/www.markowohnen.at\\\/\"},{\"@type\":\"ListItem\",\"position\":2,\"name\":\"Impressum\"}]},{\"@type\":\"WebSite\",\"@id\":\"https:\\\/\\\/www.markowohnen.at\\\/#website\",\"url\":\"https:\\\/\\\/www.markowohnen.at\\\/\",\"name\":\"MarkoWohnen\",\"description\":\"\",\"publisher\":{\"@id\":\"https:\\\/\\\/www.markowohnen.at\\\/#organization\"},\"potentialAction\":[{\"@type\":\"SearchAction\",\"target\":{\"@type\":\"EntryPoint\",\"urlTemplate\":\"https:\\\/\\\/www.markowohnen.at\\\/?s={search_term_string}\"},\"query-input\":{\"@type\":\"PropertyValueSpecification\",\"valueRequired\":true,\"valueName\":\"search_term_string\"}}],\"inLanguage\":\"de-AT\"},{\"@type\":\"Organization\",\"@id\":\"https:\\\/\\\/www.markowohnen.at\\\/#organization\",\"name\":\"Marko Wohnen GmbH\",\"url\":\"https:\\\/\\\/www.markowohnen.at\\\/\",\"logo\":{\"@type\":\"ImageObject\",\"inLanguage\":\"de-AT\",\"@id\":\"https:\\\/\\\/www.markowohnen.at\\\/#\\\/schema\\\/logo\\\/image\\\/\",\"url\":\"https:\\\/\\\/www.markowohnen.at\\\/wp-content\\\/uploads\\\/2021\\\/03\\\/Logo-hell2.jpg\",\"contentUrl\":\"https:\\\/\\\/www.markowohnen.at\\\/wp-content\\\/uploads\\\/2021\\\/03\\\/Logo-hell2.jpg\",\"width\":850,\"height\":240,\"caption\":\"Marko Wohnen GmbH\"},\"image\":{\"@id\":\"https:\\\/\\\/www.markowohnen.at\\\/#\\\/schema\\\/logo\\\/image\\\/\"},\"sameAs\":[\"https:\\\/\\\/www.facebook.com\\\/MarkoWohnen\"]}]}<\/script>\n<!-- \/ Yoast SEO plugin. -->","yoast_head_json":{"title":"Impressum - MarkoWohnen","robots":{"index":"index","follow":"follow","max-snippet":"max-snippet:-1","max-image-preview":"max-image-preview:large","max-video-preview":"max-video-preview:-1"},"canonical":"https:\/\/www.markowohnen.at\/impressum","og_locale":"de_DE","og_type":"article","og_title":"Impressum - MarkoWohnen","og_description":"Impressum Informationspflicht laut \u00a75 E-Commerce Gesetz, \u00a714 Unternehmensgesetzbuch, \u00a763 Gewerbeordnung und Offenlegungspflicht laut \u00a725 Mediengesetz. Marko Wohnen GmbHRinkenberg 70, 9150 Bleiburg, \u00d6sterreich Unternehmensgegenstand: Handel mit Raumaustattungsgegenst\u00e4nden, Wohn- und K\u00fcchenm\u00f6beln. Angeschlossen ist ein Planungsb\u00fcro f\u00fcr Inneneinrichtungen.UID-Nummer:&nbsp;ATU 82291823Firmenbuchnummer:&nbsp;FN 654732 tFirmenbuchgericht: Landesgericht KlagenfurtFirmensitz: 9150 Bleiburg Tel.: +43 4235 2114-0Fax: +43 4235 211414E-Mail: office@markowohnen.at Mitglied bei: Wirtschaftskammer K\u00e4rntenBerufsrecht: Gewerbeordnung: [&hellip;]","og_url":"https:\/\/www.markowohnen.at\/impressum","og_site_name":"MarkoWohnen","article_publisher":"https:\/\/www.facebook.com\/MarkoWohnen","article_modified_time":"2025-07-26T17:07:19+00:00","twitter_card":"summary_large_image","twitter_misc":{"Gesch\u00e4tzte Lesezeit":"3 Minuten"},"schema":{"@context":"https:\/\/schema.org","@graph":[{"@type":"WebPage","@id":"https:\/\/www.markowohnen.at\/impressum","url":"https:\/\/www.markowohnen.at\/impressum","name":"Impressum - MarkoWohnen","isPartOf":{"@id":"https:\/\/www.markowohnen.at\/#website"},"datePublished":"2021-05-21T12:23:11+00:00","dateModified":"2025-07-26T17:07:19+00:00","breadcrumb":{"@id":"https:\/\/www.markowohnen.at\/impressum#breadcrumb"},"inLanguage":"de-AT","potentialAction":[{"@type":"ReadAction","target":["https:\/\/www.markowohnen.at\/impressum"]}]},{"@type":"BreadcrumbList","@id":"https:\/\/www.markowohnen.at\/impressum#breadcrumb","itemListElement":[{"@type":"ListItem","position":1,"name":"Home","item":"https:\/\/www.markowohnen.at\/"},{"@type":"ListItem","position":2,"name":"Impressum"}]},{"@type":"WebSite","@id":"https:\/\/www.markowohnen.at\/#website","url":"https:\/\/www.markowohnen.at\/","name":"MarkoWohnen","description":"","publisher":{"@id":"https:\/\/www.markowohnen.at\/#organization"},"potentialAction":[{"@type":"SearchAction","target":{"@type":"EntryPoint","urlTemplate":"https:\/\/www.markowohnen.at\/?s={search_term_string}"},"query-input":{"@type":"PropertyValueSpecification","valueRequired":true,"valueName":"search_term_string"}}],"inLanguage":"de-AT"},{"@type":"Organization","@id":"https:\/\/www.markowohnen.at\/#organization","name":"Marko Wohnen GmbH","url":"https:\/\/www.markowohnen.at\/","logo":{"@type":"ImageObject","inLanguage":"de-AT","@id":"https:\/\/www.markowohnen.at\/#\/schema\/logo\/image\/","url":"https:\/\/www.markowohnen.at\/wp-content\/uploads\/2021\/03\/Logo-hell2.jpg","contentUrl":"https:\/\/www.markowohnen.at\/wp-content\/uploads\/2021\/03\/Logo-hell2.jpg","width":850,"height":240,"caption":"Marko Wohnen GmbH"},"image":{"@id":"https:\/\/www.markowohnen.at\/#\/schema\/logo\/image\/"},"sameAs":["https:\/\/www.facebook.com\/MarkoWohnen"]}]}},"_links":{"self":[{"href":"https:\/\/www.markowohnen.at\/index.php?rest_route=\/wp\/v2\/pages\/2647","targetHints":{"allow":["GET"]}}],"collection":[{"href":"https:\/\/www.markowohnen.at\/index.php?rest_route=\/wp\/v2\/pages"}],"about":[{"href":"https:\/\/www.markowohnen.at\/index.php?rest_route=\/wp\/v2\/types\/page"}],"author":[{"embeddable":true,"href":"https:\/\/www.markowohnen.at\/index.php?rest_route=\/wp\/v2\/users\/2"}],"replies":[{"embeddable":true,"href":"https:\/\/www.markowohnen.at\/index.php?rest_route=%2Fwp%2Fv2%2Fcomments&post=2647"}],"version-history":[{"count":3,"href":"https:\/\/www.markowohnen.at\/index.php?rest_route=\/wp\/v2\/pages\/2647\/revisions"}],"predecessor-version":[{"id":4087,"href":"https:\/\/www.markowohnen.at\/index.php?rest_route=\/wp\/v2\/pages\/2647\/revisions\/4087"}],"wp:attachment":[{"href":"https:\/\/www.markowohnen.at\/index.php?rest_route=%2Fwp%2Fv2%2Fmedia&parent=2647"}],"curies":[{"name":"wp","href":"https:\/\/api.w.org\/{rel}","templated":true}]}}