{"id":2117,"date":"2021-05-12T08:50:53","date_gmt":"2021-05-12T08:50:53","guid":{"rendered":"http:\/\/3.64.239.12\/?page_id=2117"},"modified":"2024-06-27T14:12:30","modified_gmt":"2024-06-27T13:12:30","slug":"firmenkunden-kontakt","status":"publish","type":"page","link":"https:\/\/www.markowohnen.at\/firmenkunden\/kontakt","title":{"rendered":"Firmenkunden-Kontakt"},"content":{"rendered":"\t\t<div data-elementor-type=\"wp-page\" data-elementor-id=\"2117\" class=\"elementor elementor-2117\">\n\t\t\t\t\t\t<section class=\"elementor-section elementor-top-section elementor-element elementor-element-55c43874 elementor-section-full_width elementor-section-height-min-height elementor-section-items-stretch elementor-section-content-bottom elementor-section-height-default\" data-id=\"55c43874\" data-element_type=\"section\" data-settings=\"{&quot;background_background&quot;:&quot;slideshow&quot;,&quot;background_slideshow_gallery&quot;:[{&quot;id&quot;:2971,&quot;url&quot;:&quot;https:\\\/\\\/www.markowohnen.at\\\/wp-content\\\/uploads\\\/2021\\\/07\\\/Hotel1.jpg&quot;},{&quot;id&quot;:3008,&quot;url&quot;:&quot;https:\\\/\\\/www.markowohnen.at\\\/wp-content\\\/uploads\\\/2021\\\/07\\\/Lobby-8.jpg&quot;},{&quot;id&quot;:3012,&quot;url&quot;:&quot;https:\\\/\\\/www.markowohnen.at\\\/wp-content\\\/uploads\\\/2021\\\/07\\\/Restaurant-3.jpg&quot;},{&quot;id&quot;:3050,&quot;url&quot;:&quot;https:\\\/\\\/www.markowohnen.at\\\/wp-content\\\/uploads\\\/2021\\\/07\\\/Kuechen_Firmen5.jpg&quot;},{&quot;id&quot;:2963,&quot;url&quot;:&quot;https:\\\/\\\/www.markowohnen.at\\\/wp-content\\\/uploads\\\/2021\\\/07\\\/Empfang-6.jpg&quot;},{&quot;id&quot;:2934,&quot;url&quot;:&quot;https:\\\/\\\/www.markowohnen.at\\\/wp-content\\\/uploads\\\/2021\\\/07\\\/Ferien_Studenten13.jpg&quot;}],&quot;background_slideshow_ken_burns&quot;:&quot;yes&quot;,&quot;background_slideshow_ken_burns_zoom_direction&quot;:&quot;out&quot;,&quot;background_slideshow_loop&quot;:&quot;yes&quot;,&quot;background_slideshow_slide_duration&quot;:5000,&quot;background_slideshow_slide_transition&quot;:&quot;fade&quot;,&quot;background_slideshow_transition_duration&quot;:500}\">\n\t\t\t\t\t\t<div class=\"elementor-container elementor-column-gap-no\">\n\t\t\t\t\t<div class=\"elementor-column elementor-col-100 elementor-top-column elementor-element elementor-element-6886bb9b\" data-id=\"6886bb9b\" data-element_type=\"column\">\n\t\t\t<div class=\"elementor-widget-wrap elementor-element-populated\">\n\t\t\t\t\t\t<div class=\"elementor-element elementor-element-15fc46c elementor-widget elementor-widget-heading\" data-id=\"15fc46c\" data-element_type=\"widget\" data-widget_type=\"heading.default\">\n\t\t\t\t<div class=\"elementor-widget-container\">\n\t\t\t\t\t<h2 class=\"elementor-heading-title elementor-size-default\">WIR MACHEN AUS DEINEM HAUS DEIN ZUHAUSE<\/h2>\t\t\t\t<\/div>\n\t\t\t\t<\/div>\n\t\t\t\t<div class=\"elementor-element elementor-element-31369c3 elementor-align-center elementor-widget elementor-widget-lottie\" data-id=\"31369c3\" data-element_type=\"widget\" data-settings=\"{&quot;source_json&quot;:{&quot;url&quot;:&quot;https:\\\/\\\/www.markowohnen.at\\\/wp-content\\\/uploads\\\/2021\\\/04\\\/lf30_editor_jibzh2zf.json&quot;,&quot;id&quot;:1846,&quot;size&quot;:&quot;&quot;},&quot;loop&quot;:&quot;yes&quot;,&quot;start_point&quot;:{&quot;unit&quot;:&quot;%&quot;,&quot;size&quot;:0,&quot;sizes&quot;:[]},&quot;source&quot;:&quot;media_file&quot;,&quot;caption_source&quot;:&quot;none&quot;,&quot;link_to&quot;:&quot;none&quot;,&quot;trigger&quot;:&quot;arriving_to_viewport&quot;,&quot;viewport&quot;:{&quot;unit&quot;:&quot;%&quot;,&quot;size&quot;:&quot;&quot;,&quot;sizes&quot;:{&quot;start&quot;:0,&quot;end&quot;:100}},&quot;play_speed&quot;:{&quot;unit&quot;:&quot;px&quot;,&quot;size&quot;:1,&quot;sizes&quot;:[]},&quot;end_point&quot;:{&quot;unit&quot;:&quot;%&quot;,&quot;size&quot;:&quot;100&quot;,&quot;sizes&quot;:[]},&quot;renderer&quot;:&quot;svg&quot;}\" data-widget_type=\"lottie.default\">\n\t\t\t\t<div class=\"elementor-widget-container\">\n\t\t\t\t\t<div class=\"e-lottie__container\"><div class=\"e-lottie__animation\"><\/div><\/div>\t\t\t\t<\/div>\n\t\t\t\t<\/div>\n\t\t\t\t<div class=\"elementor-element elementor-element-525b7ac elementor-widget elementor-widget-heading\" data-id=\"525b7ac\" data-element_type=\"widget\" data-widget_type=\"heading.default\">\n\t\t\t\t<div class=\"elementor-widget-container\">\n\t\t\t\t\t<h6 class=\"elementor-heading-title elementor-size-default\">2021 MARKO WOHNEN<\/h6>\t\t\t\t<\/div>\n\t\t\t\t<\/div>\n\t\t\t\t\t<\/div>\n\t\t<\/div>\n\t\t\t\t\t<\/div>\n\t\t<\/section>\n\t\t\t\t<section class=\"elementor-section elementor-top-section elementor-element elementor-element-31f30fd5 elementor-section-boxed elementor-section-height-default elementor-section-height-default\" data-id=\"31f30fd5\" data-element_type=\"section\">\n\t\t\t\t\t\t<div class=\"elementor-container elementor-column-gap-default\">\n\t\t\t\t\t<div class=\"elementor-column elementor-col-100 elementor-top-column elementor-element elementor-element-37af26d2\" data-id=\"37af26d2\" data-element_type=\"column\">\n\t\t\t<div class=\"elementor-widget-wrap elementor-element-populated\">\n\t\t\t\t\t\t<div class=\"elementor-element elementor-element-5dacf430 elementor-widget elementor-widget-html\" data-id=\"5dacf430\" data-element_type=\"widget\" data-widget_type=\"html.default\">\n\t\t\t\t<div class=\"elementor-widget-container\">\n\t\t\t\t\t<script>\nreloadHeader = function() {\n    headerHeight = document.getElementsByClassName(\"elementor elementor-2477 elementor-location-header\")[0].offsetHeight;\n    \n    console.log(headerHeight);\n    console.log(document.getElementsByClassName(\"elementor elementor-2117\")[0].style);\n    heroSection = document.getElementsByClassName(\"elementor elementor-2117\")[0];\n    \n    heroSection.style.marginTop = \"-\"+headerHeight+\"px\";\n    console.log(document.getElementsByClassName(\"elementor elementor-2117\")[0].style.marginTop);\n}\n    reloadHeader();\n    \n    window.onresize = reloadHeader;\n    \n    \n    \n<\/script>\t\t\t\t<\/div>\n\t\t\t\t<\/div>\n\t\t\t\t\t<\/div>\n\t\t<\/div>\n\t\t\t\t\t<\/div>\n\t\t<\/section>\n\t\t\t\t<section class=\"elementor-section elementor-top-section elementor-element elementor-element-48cef2af elementor-section-full_width elementor-section-height-default elementor-section-height-default\" data-id=\"48cef2af\" data-element_type=\"section\">\n\t\t\t\t\t\t<div class=\"elementor-container elementor-column-gap-default\">\n\t\t\t\t\t<div class=\"elementor-column elementor-col-100 elementor-top-column elementor-element elementor-element-4986bba5\" data-id=\"4986bba5\" data-element_type=\"column\">\n\t\t\t<div class=\"elementor-widget-wrap elementor-element-populated\">\n\t\t\t\t\t\t<div class=\"elementor-element elementor-element-463e5907 elementor-widget elementor-widget-text-editor\" data-id=\"463e5907\" data-element_type=\"widget\" data-widget_type=\"text-editor.default\">\n\t\t\t\t<div class=\"elementor-widget-container\">\n\t\t\t\t\t\t\t\t\t<h2><strong>UNSER<\/strong> <i class=\"far fa-heart\" style=\"color: #ed7c0b;\" aria-hidden=\"true\"><\/i> <span style=\"color: #999999;\">ZUHAUSE<\/span><\/h2>\t\t\t\t\t\t\t\t<\/div>\n\t\t\t\t<\/div>\n\t\t\t\t\t<\/div>\n\t\t<\/div>\n\t\t\t\t\t<\/div>\n\t\t<\/section>\n\t\t\t\t<section class=\"elementor-section elementor-top-section elementor-element elementor-element-710bfba0 elementor-section-full_width elementor-section-height-default elementor-section-height-default\" data-id=\"710bfba0\" data-element_type=\"section\">\n\t\t\t\t\t\t<div class=\"elementor-container elementor-column-gap-default\">\n\t\t\t\t\t<div class=\"elementor-column elementor-col-50 elementor-top-column elementor-element elementor-element-626831f3\" data-id=\"626831f3\" data-element_type=\"column\">\n\t\t\t<div class=\"elementor-widget-wrap elementor-element-populated\">\n\t\t\t\t\t\t<section class=\"elementor-section elementor-inner-section elementor-element elementor-element-2e785a30 elementor-section-boxed elementor-section-height-default elementor-section-height-default\" data-id=\"2e785a30\" data-element_type=\"section\">\n\t\t\t\t\t\t<div class=\"elementor-container elementor-column-gap-default\">\n\t\t\t\t\t<div class=\"elementor-column elementor-col-100 elementor-inner-column elementor-element elementor-element-7b38e5c2\" data-id=\"7b38e5c2\" data-element_type=\"column\">\n\t\t\t<div class=\"elementor-widget-wrap elementor-element-populated\">\n\t\t\t\t\t\t<div class=\"elementor-element elementor-element-38f1ab6e elementor-widget elementor-widget-heading\" data-id=\"38f1ab6e\" data-element_type=\"widget\" data-widget_type=\"heading.default\">\n\t\t\t\t<div class=\"elementor-widget-container\">\n\t\t\t\t\t<h1 class=\"elementor-heading-title elementor-size-default\">Kontakt<\/h1>\t\t\t\t<\/div>\n\t\t\t\t<\/div>\n\t\t\t\t<div class=\"elementor-element elementor-element-3115da8a elementor-widget-divider--view-line elementor-widget elementor-widget-divider\" data-id=\"3115da8a\" data-element_type=\"widget\" data-widget_type=\"divider.default\">\n\t\t\t\t<div class=\"elementor-widget-container\">\n\t\t\t\t\t\t\t<div class=\"elementor-divider\">\n\t\t\t<span class=\"elementor-divider-separator\">\n\t\t\t\t\t\t<\/span>\n\t\t<\/div>\n\t\t\t\t\t\t<\/div>\n\t\t\t\t<\/div>\n\t\t\t\t<div class=\"elementor-element elementor-element-2b7e9603 elementor-widget elementor-widget-text-editor\" data-id=\"2b7e9603\" data-element_type=\"widget\" data-widget_type=\"text-editor.default\">\n\t\t\t\t<div class=\"elementor-widget-container\">\n\t\t\t\t\t\t\t\t\t<p>Telefon: <a href=\"tel:+43 4235 2114-0\">+43 4235 2114-0<\/a><br \/>Fax: <a href=\"tel:+43 4235 2114-14\">+43 4235 2114-14<\/a><br \/>Email: <a href=\"mailto:office@markowohnen.at\">office@markowohnen.at<\/a><\/p>\t\t\t\t\t\t\t\t<\/div>\n\t\t\t\t<\/div>\n\t\t\t\t\t<\/div>\n\t\t<\/div>\n\t\t\t\t\t<\/div>\n\t\t<\/section>\n\t\t\t\t<section class=\"elementor-section elementor-inner-section elementor-element elementor-element-c981358 elementor-section-boxed elementor-section-height-default elementor-section-height-default\" data-id=\"c981358\" data-element_type=\"section\">\n\t\t\t\t\t\t<div class=\"elementor-container elementor-column-gap-default\">\n\t\t\t\t\t<div class=\"elementor-column elementor-col-100 elementor-inner-column elementor-element elementor-element-5be4123\" data-id=\"5be4123\" data-element_type=\"column\">\n\t\t\t<div class=\"elementor-widget-wrap elementor-element-populated\">\n\t\t\t\t\t\t<div class=\"elementor-element elementor-element-d130067 elementor-widget elementor-widget-heading\" data-id=\"d130067\" data-element_type=\"widget\" data-widget_type=\"heading.default\">\n\t\t\t\t<div class=\"elementor-widget-container\">\n\t\t\t\t\t<h1 class=\"elementor-heading-title elementor-size-default\">STANDORT<\/h1>\t\t\t\t<\/div>\n\t\t\t\t<\/div>\n\t\t\t\t<div class=\"elementor-element elementor-element-554cdb71 elementor-widget-divider--view-line elementor-widget elementor-widget-divider\" data-id=\"554cdb71\" data-element_type=\"widget\" data-widget_type=\"divider.default\">\n\t\t\t\t<div class=\"elementor-widget-container\">\n\t\t\t\t\t\t\t<div class=\"elementor-divider\">\n\t\t\t<span class=\"elementor-divider-separator\">\n\t\t\t\t\t\t<\/span>\n\t\t<\/div>\n\t\t\t\t\t\t<\/div>\n\t\t\t\t<\/div>\n\t\t\t\t<div class=\"elementor-element elementor-element-2f9decc6 elementor-widget elementor-widget-text-editor\" data-id=\"2f9decc6\" data-element_type=\"widget\" data-widget_type=\"text-editor.default\">\n\t\t\t\t<div class=\"elementor-widget-container\">\n\t\t\t\t\t\t\t\t\t<p>Rinkenberg 70, 9150 Bleiburg, \u00d6sterreich<br \/>Email: <a href=\"mailto:office@markowohnen.at\">office@markowohnen.at<\/a><\/p>\t\t\t\t\t\t\t\t<\/div>\n\t\t\t\t<\/div>\n\t\t\t\t\t<\/div>\n\t\t<\/div>\n\t\t\t\t\t<\/div>\n\t\t<\/section>\n\t\t\t\t<section class=\"elementor-section elementor-inner-section elementor-element elementor-element-5923897b elementor-section-boxed elementor-section-height-default elementor-section-height-default\" data-id=\"5923897b\" data-element_type=\"section\">\n\t\t\t\t\t\t<div class=\"elementor-container elementor-column-gap-default\">\n\t\t\t\t\t<div class=\"elementor-column elementor-col-100 elementor-inner-column elementor-element elementor-element-7d7a4af5\" data-id=\"7d7a4af5\" data-element_type=\"column\">\n\t\t\t<div class=\"elementor-widget-wrap elementor-element-populated\">\n\t\t\t\t\t\t<div class=\"elementor-element elementor-element-421efe6d elementor-widget elementor-widget-heading\" data-id=\"421efe6d\" data-element_type=\"widget\" data-widget_type=\"heading.default\">\n\t\t\t\t<div class=\"elementor-widget-container\">\n\t\t\t\t\t<h1 class=\"elementor-heading-title elementor-size-default\">\u00d6FFNUNGSZEITEN<\/h1>\t\t\t\t<\/div>\n\t\t\t\t<\/div>\n\t\t\t\t<div class=\"elementor-element elementor-element-120c7ebb elementor-widget-divider--view-line elementor-widget elementor-widget-divider\" data-id=\"120c7ebb\" data-element_type=\"widget\" data-widget_type=\"divider.default\">\n\t\t\t\t<div class=\"elementor-widget-container\">\n\t\t\t\t\t\t\t<div class=\"elementor-divider\">\n\t\t\t<span class=\"elementor-divider-separator\">\n\t\t\t\t\t\t<\/span>\n\t\t<\/div>\n\t\t\t\t\t\t<\/div>\n\t\t\t\t<\/div>\n\t\t\t\t<div class=\"elementor-element elementor-element-342ae1ea elementor-widget elementor-widget-text-editor\" data-id=\"342ae1ea\" data-element_type=\"widget\" data-widget_type=\"text-editor.default\">\n\t\t\t\t<div class=\"elementor-widget-container\">\n\t\t\t\t\t\t\t\t\t<p>Montag &#8211; Donnerstag: 8:00 &#8211; 16:30<br \/>Freitag: 8:00 &#8211; 12:30<\/p>\t\t\t\t\t\t\t\t<\/div>\n\t\t\t\t<\/div>\n\t\t\t\t\t<\/div>\n\t\t<\/div>\n\t\t\t\t\t<\/div>\n\t\t<\/section>\n\t\t\t\t\t<\/div>\n\t\t<\/div>\n\t\t\t\t<div class=\"elementor-column elementor-col-50 elementor-top-column elementor-element elementor-element-e952087\" data-id=\"e952087\" data-element_type=\"column\">\n\t\t\t<div class=\"elementor-widget-wrap elementor-element-populated\">\n\t\t\t\t\t\t<div class=\"elementor-element elementor-element-182cdd1f elementor-widget elementor-widget-google_maps\" data-id=\"182cdd1f\" data-element_type=\"widget\" data-widget_type=\"google_maps.default\">\n\t\t\t\t<div class=\"elementor-widget-container\">\n\t\t\t\t\t\t\t<div class=\"elementor-custom-embed\">\n\t\t\t<iframe loading=\"lazy\"\n\t\t\t\t\tsrc=\"https:\/\/maps.google.com\/maps?q=Rinkenberg%2070%2C%209150%20Bleiburg%2C%20%C3%96sterreich&#038;t=m&#038;z=10&#038;output=embed&#038;iwloc=near\"\n\t\t\t\t\ttitle=\"Rinkenberg 70, 9150 Bleiburg, \u00d6sterreich\"\n\t\t\t\t\taria-label=\"Rinkenberg 70, 9150 Bleiburg, \u00d6sterreich\"\n\t\t\t><\/iframe>\n\t\t<\/div>\n\t\t\t\t\t\t<\/div>\n\t\t\t\t<\/div>\n\t\t\t\t\t<\/div>\n\t\t<\/div>\n\t\t\t\t\t<\/div>\n\t\t<\/section>\n\t\t\t\t<section class=\"elementor-section elementor-top-section elementor-element elementor-element-52a03b7b elementor-section-full_width elementor-section-height-min-height elementor-section-stretched elementor-section-height-default elementor-section-items-middle\" data-id=\"52a03b7b\" data-element_type=\"section\" data-settings=\"{&quot;background_background&quot;:&quot;classic&quot;,&quot;stretch_section&quot;:&quot;section-stretched&quot;}\">\n\t\t\t\t\t\t\t<div class=\"elementor-background-overlay\"><\/div>\n\t\t\t\t\t\t\t<div class=\"elementor-container elementor-column-gap-default\">\n\t\t\t\t\t<div class=\"elementor-column elementor-col-50 elementor-top-column elementor-element elementor-element-3cfb5f6d elementor-hidden-phone\" data-id=\"3cfb5f6d\" data-element_type=\"column\">\n\t\t\t<div class=\"elementor-widget-wrap elementor-element-populated\">\n\t\t\t\t\t\t<div class=\"elementor-element elementor-element-78954f0f elementor-widget elementor-widget-image\" data-id=\"78954f0f\" data-element_type=\"widget\" data-widget_type=\"image.default\">\n\t\t\t\t<div class=\"elementor-widget-container\">\n\t\t\t\t\t\t\t\t\t\t\t\t\t\t\t<img decoding=\"async\" src=\"https:\/\/www.markowohnen.at\/wp-content\/uploads\/elementor\/thumbs\/Gu\u0308nther-Marko-scaled-p5gn1lal7kt406qoon1m0kekqw2aa2nivglw0eoreg.jpg\" title=\"Gu\u0308nther Marko\" alt=\"Gu\u0308nther Marko - Marko Wohnen\" loading=\"lazy\" \/>\t\t\t\t\t\t\t\t\t\t\t\t\t\t\t<\/div>\n\t\t\t\t<\/div>\n\t\t\t\t\t<\/div>\n\t\t<\/div>\n\t\t\t\t<div class=\"elementor-column elementor-col-50 elementor-top-column elementor-element elementor-element-7b44539c\" data-id=\"7b44539c\" data-element_type=\"column\">\n\t\t\t<div class=\"elementor-widget-wrap elementor-element-populated\">\n\t\t\t\t\t\t<div class=\"elementor-element elementor-element-7d5d729d elementor-widget elementor-widget-heading\" data-id=\"7d5d729d\" data-element_type=\"widget\" data-widget_type=\"heading.default\">\n\t\t\t\t<div class=\"elementor-widget-container\">\n\t\t\t\t\t<h2 class=\"elementor-heading-title elementor-size-default\">Haben Sie Fragen ?<\/h2>\t\t\t\t<\/div>\n\t\t\t\t<\/div>\n\t\t\t\t<div class=\"elementor-element elementor-element-6aca55c elementor-widget elementor-widget-text-editor\" data-id=\"6aca55c\" data-element_type=\"widget\" data-widget_type=\"text-editor.default\">\n\t\t\t\t<div class=\"elementor-widget-container\">\n\t\t\t\t\t\t\t\t\t<p>Unsere Mitarbeiter beraten Sie gerne!<\/p>\t\t\t\t\t\t\t\t<\/div>\n\t\t\t\t<\/div>\n\t\t\t\t<div class=\"elementor-element elementor-element-61d52785 elementor-widget elementor-widget-button\" data-id=\"61d52785\" data-element_type=\"widget\" data-widget_type=\"button.default\">\n\t\t\t\t<div class=\"elementor-widget-container\">\n\t\t\t\t\t\t\t\t\t<div class=\"elementor-button-wrapper\">\n\t\t\t\t\t<a class=\"elementor-button elementor-button-link elementor-size-md elementor-animation-grow\" href=\"#\">\n\t\t\t\t\t\t<span class=\"elementor-button-content-wrapper\">\n\t\t\t\t\t\t<span class=\"elementor-button-icon\">\n\t\t\t\t<i aria-hidden=\"true\" class=\"fas fa-phone-alt\"><\/i>\t\t\t<\/span>\n\t\t\t\t\t\t\t\t\t<span class=\"elementor-button-text\">ANRUFEN<\/span>\n\t\t\t\t\t<\/span>\n\t\t\t\t\t<\/a>\n\t\t\t\t<\/div>\n\t\t\t\t\t\t\t\t<\/div>\n\t\t\t\t<\/div>\n\t\t\t\t\t<\/div>\n\t\t<\/div>\n\t\t\t\t\t<\/div>\n\t\t<\/section>\n\t\t\t\t<\/div>\n\t\t","protected":false},"excerpt":{"rendered":"<p>WIR MACHEN AUS DEINEM HAUS DEIN ZUHAUSE 2021 MARKO WOHNEN UNSER ZUHAUSE Kontakt Telefon: +43 4235 2114-0Fax: +43 4235 2114-14Email: office@markowohnen.at STANDORT Rinkenberg 70, 9150 Bleiburg, \u00d6sterreichEmail: office@markowohnen.at \u00d6FFNUNGSZEITEN Montag &#8211; Donnerstag: 8:00 &#8211; 16:30Freitag: 8:00 &#8211; 12:30 Haben Sie Fragen ? Unsere Mitarbeiter beraten Sie gerne! ANRUFEN<\/p>\n","protected":false},"author":2,"featured_media":0,"parent":2088,"menu_order":9,"comment_status":"closed","ping_status":"closed","template":"","meta":{"footnotes":""},"class_list":["post-2117","page","type-page","status-publish","hentry"],"yoast_head":"<!-- This site is optimized with the Yoast SEO plugin v27.4 - https:\/\/yoast.com\/product\/yoast-seo-wordpress\/ -->\n<title>Kontakt \u2013 Anreise - K\u00e4rnten | Marko Wohnen - Firmenkunden<\/title>\n<meta name=\"description\" content=\"Marko Wohnen in K\u00e4rnten, Wien, Linz und Salzburg. Wir sind f\u00fcr Sie da. Telefon +43 4235 2114-0 Email: office@markowohnen.at \u00b7\" \/>\n<meta name=\"robots\" content=\"index, follow, max-snippet:-1, max-image-preview:large, max-video-preview:-1\" \/>\n<link rel=\"canonical\" href=\"https:\/\/www.markowohnen.at\/firmenkunden\/kontakt\" \/>\n<meta property=\"og:locale\" content=\"de_DE\" \/>\n<meta property=\"og:type\" content=\"article\" \/>\n<meta property=\"og:title\" content=\"Kontakt \u2013 Anreise - K\u00e4rnten | Marko Wohnen - Firmenkunden\" \/>\n<meta property=\"og:description\" content=\"Marko Wohnen in K\u00e4rnten, Wien, Linz und Salzburg. Wir sind f\u00fcr Sie da. Telefon +43 4235 2114-0 Email: office@markowohnen.at \u00b7\" \/>\n<meta property=\"og:url\" content=\"https:\/\/www.markowohnen.at\/firmenkunden\/kontakt\" \/>\n<meta property=\"og:site_name\" content=\"MarkoWohnen\" \/>\n<meta property=\"article:publisher\" content=\"https:\/\/www.facebook.com\/MarkoWohnen\" \/>\n<meta property=\"article:modified_time\" content=\"2024-06-27T13:12:30+00:00\" \/>\n<meta name=\"twitter:card\" content=\"summary_large_image\" \/>\n<meta name=\"twitter:label1\" content=\"Gesch\u00e4tzte Lesezeit\" \/>\n\t<meta name=\"twitter:data1\" content=\"1 Minute\" \/>\n<script type=\"application\/ld+json\" class=\"yoast-schema-graph\">{\"@context\":\"https:\\\/\\\/schema.org\",\"@graph\":[{\"@type\":[\"WebPage\",\"ContactPage\"],\"@id\":\"https:\\\/\\\/www.markowohnen.at\\\/firmenkunden\\\/kontakt\",\"url\":\"https:\\\/\\\/www.markowohnen.at\\\/firmenkunden\\\/kontakt\",\"name\":\"Kontakt \u2013 Anreise - K\u00e4rnten | Marko Wohnen - Firmenkunden\",\"isPartOf\":{\"@id\":\"https:\\\/\\\/www.markowohnen.at\\\/#website\"},\"datePublished\":\"2021-05-12T08:50:53+00:00\",\"dateModified\":\"2024-06-27T13:12:30+00:00\",\"description\":\"Marko Wohnen in K\u00e4rnten, Wien, Linz und Salzburg. Wir sind f\u00fcr Sie da. Telefon +43 4235 2114-0 Email: office@markowohnen.at \u00b7\",\"breadcrumb\":{\"@id\":\"https:\\\/\\\/www.markowohnen.at\\\/firmenkunden\\\/kontakt#breadcrumb\"},\"inLanguage\":\"de-AT\",\"potentialAction\":[{\"@type\":\"ReadAction\",\"target\":[\"https:\\\/\\\/www.markowohnen.at\\\/firmenkunden\\\/kontakt\"]}]},{\"@type\":\"BreadcrumbList\",\"@id\":\"https:\\\/\\\/www.markowohnen.at\\\/firmenkunden\\\/kontakt#breadcrumb\",\"itemListElement\":[{\"@type\":\"ListItem\",\"position\":1,\"name\":\"Home\",\"item\":\"https:\\\/\\\/www.markowohnen.at\\\/\"},{\"@type\":\"ListItem\",\"position\":2,\"name\":\"Firmenkunden\",\"item\":\"https:\\\/\\\/www.markowohnen.at\\\/firmenkunden\"},{\"@type\":\"ListItem\",\"position\":3,\"name\":\"Firmenkunden-Kontakt\"}]},{\"@type\":\"WebSite\",\"@id\":\"https:\\\/\\\/www.markowohnen.at\\\/#website\",\"url\":\"https:\\\/\\\/www.markowohnen.at\\\/\",\"name\":\"MarkoWohnen\",\"description\":\"\",\"publisher\":{\"@id\":\"https:\\\/\\\/www.markowohnen.at\\\/#organization\"},\"potentialAction\":[{\"@type\":\"SearchAction\",\"target\":{\"@type\":\"EntryPoint\",\"urlTemplate\":\"https:\\\/\\\/www.markowohnen.at\\\/?s={search_term_string}\"},\"query-input\":{\"@type\":\"PropertyValueSpecification\",\"valueRequired\":true,\"valueName\":\"search_term_string\"}}],\"inLanguage\":\"de-AT\"},{\"@type\":\"Organization\",\"@id\":\"https:\\\/\\\/www.markowohnen.at\\\/#organization\",\"name\":\"Marko Wohnen GmbH\",\"url\":\"https:\\\/\\\/www.markowohnen.at\\\/\",\"logo\":{\"@type\":\"ImageObject\",\"inLanguage\":\"de-AT\",\"@id\":\"https:\\\/\\\/www.markowohnen.at\\\/#\\\/schema\\\/logo\\\/image\\\/\",\"url\":\"https:\\\/\\\/www.markowohnen.at\\\/wp-content\\\/uploads\\\/2021\\\/03\\\/Logo-hell2.jpg\",\"contentUrl\":\"https:\\\/\\\/www.markowohnen.at\\\/wp-content\\\/uploads\\\/2021\\\/03\\\/Logo-hell2.jpg\",\"width\":850,\"height\":240,\"caption\":\"Marko Wohnen GmbH\"},\"image\":{\"@id\":\"https:\\\/\\\/www.markowohnen.at\\\/#\\\/schema\\\/logo\\\/image\\\/\"},\"sameAs\":[\"https:\\\/\\\/www.facebook.com\\\/MarkoWohnen\"]}]}<\/script>\n<!-- \/ Yoast SEO plugin. -->","yoast_head_json":{"title":"Kontakt \u2013 Anreise - K\u00e4rnten | Marko Wohnen - Firmenkunden","description":"Marko Wohnen in K\u00e4rnten, Wien, Linz und Salzburg. Wir sind f\u00fcr Sie da. Telefon +43 4235 2114-0 Email: office@markowohnen.at \u00b7","robots":{"index":"index","follow":"follow","max-snippet":"max-snippet:-1","max-image-preview":"max-image-preview:large","max-video-preview":"max-video-preview:-1"},"canonical":"https:\/\/www.markowohnen.at\/firmenkunden\/kontakt","og_locale":"de_DE","og_type":"article","og_title":"Kontakt \u2013 Anreise - K\u00e4rnten | Marko Wohnen - Firmenkunden","og_description":"Marko Wohnen in K\u00e4rnten, Wien, Linz und Salzburg. Wir sind f\u00fcr Sie da. Telefon +43 4235 2114-0 Email: office@markowohnen.at \u00b7","og_url":"https:\/\/www.markowohnen.at\/firmenkunden\/kontakt","og_site_name":"MarkoWohnen","article_publisher":"https:\/\/www.facebook.com\/MarkoWohnen","article_modified_time":"2024-06-27T13:12:30+00:00","twitter_card":"summary_large_image","twitter_misc":{"Gesch\u00e4tzte Lesezeit":"1 Minute"},"schema":{"@context":"https:\/\/schema.org","@graph":[{"@type":["WebPage","ContactPage"],"@id":"https:\/\/www.markowohnen.at\/firmenkunden\/kontakt","url":"https:\/\/www.markowohnen.at\/firmenkunden\/kontakt","name":"Kontakt \u2013 Anreise - K\u00e4rnten | Marko Wohnen - Firmenkunden","isPartOf":{"@id":"https:\/\/www.markowohnen.at\/#website"},"datePublished":"2021-05-12T08:50:53+00:00","dateModified":"2024-06-27T13:12:30+00:00","description":"Marko Wohnen in K\u00e4rnten, Wien, Linz und Salzburg. Wir sind f\u00fcr Sie da. Telefon +43 4235 2114-0 Email: office@markowohnen.at \u00b7","breadcrumb":{"@id":"https:\/\/www.markowohnen.at\/firmenkunden\/kontakt#breadcrumb"},"inLanguage":"de-AT","potentialAction":[{"@type":"ReadAction","target":["https:\/\/www.markowohnen.at\/firmenkunden\/kontakt"]}]},{"@type":"BreadcrumbList","@id":"https:\/\/www.markowohnen.at\/firmenkunden\/kontakt#breadcrumb","itemListElement":[{"@type":"ListItem","position":1,"name":"Home","item":"https:\/\/www.markowohnen.at\/"},{"@type":"ListItem","position":2,"name":"Firmenkunden","item":"https:\/\/www.markowohnen.at\/firmenkunden"},{"@type":"ListItem","position":3,"name":"Firmenkunden-Kontakt"}]},{"@type":"WebSite","@id":"https:\/\/www.markowohnen.at\/#website","url":"https:\/\/www.markowohnen.at\/","name":"MarkoWohnen","description":"","publisher":{"@id":"https:\/\/www.markowohnen.at\/#organization"},"potentialAction":[{"@type":"SearchAction","target":{"@type":"EntryPoint","urlTemplate":"https:\/\/www.markowohnen.at\/?s={search_term_string}"},"query-input":{"@type":"PropertyValueSpecification","valueRequired":true,"valueName":"search_term_string"}}],"inLanguage":"de-AT"},{"@type":"Organization","@id":"https:\/\/www.markowohnen.at\/#organization","name":"Marko Wohnen GmbH","url":"https:\/\/www.markowohnen.at\/","logo":{"@type":"ImageObject","inLanguage":"de-AT","@id":"https:\/\/www.markowohnen.at\/#\/schema\/logo\/image\/","url":"https:\/\/www.markowohnen.at\/wp-content\/uploads\/2021\/03\/Logo-hell2.jpg","contentUrl":"https:\/\/www.markowohnen.at\/wp-content\/uploads\/2021\/03\/Logo-hell2.jpg","width":850,"height":240,"caption":"Marko Wohnen GmbH"},"image":{"@id":"https:\/\/www.markowohnen.at\/#\/schema\/logo\/image\/"},"sameAs":["https:\/\/www.facebook.com\/MarkoWohnen"]}]}},"_links":{"self":[{"href":"https:\/\/www.markowohnen.at\/index.php?rest_route=\/wp\/v2\/pages\/2117","targetHints":{"allow":["GET"]}}],"collection":[{"href":"https:\/\/www.markowohnen.at\/index.php?rest_route=\/wp\/v2\/pages"}],"about":[{"href":"https:\/\/www.markowohnen.at\/index.php?rest_route=\/wp\/v2\/types\/page"}],"author":[{"embeddable":true,"href":"https:\/\/www.markowohnen.at\/index.php?rest_route=\/wp\/v2\/users\/2"}],"replies":[{"embeddable":true,"href":"https:\/\/www.markowohnen.at\/index.php?rest_route=%2Fwp%2Fv2%2Fcomments&post=2117"}],"version-history":[{"count":3,"href":"https:\/\/www.markowohnen.at\/index.php?rest_route=\/wp\/v2\/pages\/2117\/revisions"}],"predecessor-version":[{"id":4036,"href":"https:\/\/www.markowohnen.at\/index.php?rest_route=\/wp\/v2\/pages\/2117\/revisions\/4036"}],"up":[{"embeddable":true,"href":"https:\/\/www.markowohnen.at\/index.php?rest_route=\/wp\/v2\/pages\/2088"}],"wp:attachment":[{"href":"https:\/\/www.markowohnen.at\/index.php?rest_route=%2Fwp%2Fv2%2Fmedia&parent=2117"}],"curies":[{"name":"wp","href":"https:\/\/api.w.org\/{rel}","templated":true}]}}